{"id":1259,"date":"2025-09-24T13:00:58","date_gmt":"2025-09-24T13:00:58","guid":{"rendered":"https:\/\/martinfortuna.si\/zlato\/?page_id=1259"},"modified":"2025-09-24T13:05:21","modified_gmt":"2025-09-24T13:05:21","slug":"10x-vec-landing","status":"publish","type":"page","link":"https:\/\/martinfortuna.si\/zlato\/10x-vec-landing\/","title":{"rendered":"Kako pri enaki rasti zaslu\u017eiti do 10x ve\u010d kot ve\u010dina?\ud83d\udd25 Brezpla\u010den webinar. Landingi -zlato"},"content":{"rendered":"\t\t<div data-elementor-type=\"wp-page\" data-elementor-id=\"1259\" class=\"elementor elementor-1259\" data-elementor-post-type=\"page\">\n\t\t\t\t<div class=\"elementor-element elementor-element-1810b45 elementor-hidden-desktop elementor-hidden-tablet e-flex e-con-boxed e-con e-child\" data-id=\"1810b45\" data-element_type=\"container\" data-settings=\"{&quot;background_background&quot;:&quot;classic&quot;}\">\n\t\t\t\t\t<div class=\"e-con-inner\">\n\t\t\t\t<div class=\"elementor-element elementor-element-d4f7dde elementor-hidden-desktop elementor-hidden-tablet elementor-widget elementor-widget-text-editor\" data-id=\"d4f7dde\" data-element_type=\"widget\" data-widget_type=\"text-editor.default\">\n\t\t\t\t\t\t\t\t\t<p><b>Cena zlata:<\/b> kako jo zni\u017eate in dobite ve\u010d gramov zlata za isti denar. <a href=\"https:\/\/www.umetnostbogastva.com\/10x-vec-landing\/\"><b><u>Preverite tuka<\/u><\/b>j.<\/a><\/p>\t\t\t\t\t\t\t\t<\/div>\n\t\t\t\t\t<\/div>\n\t\t\t\t<\/div>\n\t\t\t\t<section class=\"elementor-section elementor-top-section elementor-element elementor-element-731e7416 elementor-section-boxed elementor-section-height-default elementor-section-height-default\" data-id=\"731e7416\" data-element_type=\"section\" data-settings=\"{&quot;background_background&quot;:&quot;classic&quot;}\">\n\t\t\t\t\t\t\t<div class=\"elementor-background-overlay\"><\/div>\n\t\t\t\t\t\t\t<div class=\"elementor-container elementor-column-gap-default\">\n\t\t\t\t\t<div class=\"elementor-column elementor-col-50 elementor-top-column elementor-element elementor-element-25b46c85\" data-id=\"25b46c85\" data-element_type=\"column\">\n\t\t\t<div class=\"elementor-widget-wrap elementor-element-populated\">\n\t\t\t\t\t\t<div class=\"elementor-element elementor-element-10e4091a elementor-widget elementor-widget-heading\" data-id=\"10e4091a\" data-element_type=\"widget\" data-widget_type=\"heading.default\">\n\t\t\t\t\t<h1 class=\"elementor-heading-title elementor-size-default\">Kako pri enaki rasti zaslu\u017eiti do 10x ve\u010d kot ve\u010dina?\ud83d\udd25<\/h1>\t\t\t\t<\/div>\n\t\t\t\t<div class=\"elementor-element elementor-element-3cbd6a95 elementor-widget__width-inherit elementor-widget elementor-widget-text-editor\" data-id=\"3cbd6a95\" data-element_type=\"widget\" data-widget_type=\"text-editor.default\">\n\t\t\t\t\t\t\t\t\t<p><a href=\"#vpis\"><span style=\"font-weight: bold; color: #fc6900;\">Kliknite tukaj <\/span><\/a>za brezpla\u010dno prijavo.<b> <\/b>Dobili boste<b> zlata vredne informacije.<\/b><\/p>\t\t\t\t\t\t\t\t<\/div>\n\t\t\t\t<div class=\"elementor-element elementor-element-1cbcaf1c elementor-align-left elementor-icon-list--layout-traditional elementor-list-item-link-full_width elementor-widget elementor-widget-icon-list\" data-id=\"1cbcaf1c\" data-element_type=\"widget\" data-widget_type=\"icon-list.default\">\n\t\t\t\t\t\t\t<ul class=\"elementor-icon-list-items\">\n\t\t\t\t\t\t\t<li class=\"elementor-icon-list-item\">\n\t\t\t\t\t\t\t\t\t\t\t<span class=\"elementor-icon-list-icon\">\n\t\t\t\t\t\t\t<svg aria-hidden=\"true\" class=\"e-font-icon-svg e-fas-check-circle\" viewBox=\"0 0 512 512\" xmlns=\"http:\/\/www.w3.org\/2000\/svg\"><path d=\"M504 256c0 136.967-111.033 248-248 248S8 392.967 8 256 119.033 8 256 8s248 111.033 248 248zM227.314 387.314l184-184c6.248-6.248 6.248-16.379 0-22.627l-22.627-22.627c-6.248-6.249-16.379-6.249-22.628 0L216 308.118l-70.059-70.059c-6.248-6.248-16.379-6.248-22.628 0l-22.627 22.627c-6.248 6.248-6.248 16.379 0 22.627l104 104c6.249 6.249 16.379 6.249 22.628.001z\"><\/path><\/svg>\t\t\t\t\t\t<\/span>\n\t\t\t\t\t\t\t\t\t\t<span class=\"elementor-icon-list-text\">Kaj se lahko zdaj bolj spla\u010da? <b>Zlato ali srebro?<\/b> <\/span>\n\t\t\t\t\t\t\t\t\t<\/li>\n\t\t\t\t\t\t\t\t<li class=\"elementor-icon-list-item\">\n\t\t\t\t\t\t\t\t\t\t\t<span class=\"elementor-icon-list-icon\">\n\t\t\t\t\t\t\t<svg aria-hidden=\"true\" class=\"e-font-icon-svg e-fas-check-circle\" viewBox=\"0 0 512 512\" xmlns=\"http:\/\/www.w3.org\/2000\/svg\"><path d=\"M504 256c0 136.967-111.033 248-248 248S8 392.967 8 256 119.033 8 256 8s248 111.033 248 248zM227.314 387.314l184-184c6.248-6.248 6.248-16.379 0-22.627l-22.627-22.627c-6.248-6.249-16.379-6.249-22.628 0L216 308.118l-70.059-70.059c-6.248-6.248-16.379-6.248-22.628 0l-22.627 22.627c-6.248 6.248-6.248 16.379 0 22.627l104 104c6.249 6.249 16.379 6.249 22.628.001z\"><\/path><\/svg>\t\t\t\t\t\t<\/span>\n\t\t\t\t\t\t\t\t\t\t<span class=\"elementor-icon-list-text\"><b>Realne izra\u010dune<\/b> za nakup srebra v vrednosti 10.000 \u20ac (stro\u0161ki, dobi\u010dek, pasti).<\/span>\n\t\t\t\t\t\t\t\t\t<\/li>\n\t\t\t\t\t\t\t\t<li class=\"elementor-icon-list-item\">\n\t\t\t\t\t\t\t\t\t\t\t<span class=\"elementor-icon-list-icon\">\n\t\t\t\t\t\t\t<svg aria-hidden=\"true\" class=\"e-font-icon-svg e-fas-check-circle\" viewBox=\"0 0 512 512\" xmlns=\"http:\/\/www.w3.org\/2000\/svg\"><path d=\"M504 256c0 136.967-111.033 248-248 248S8 392.967 8 256 119.033 8 256 8s248 111.033 248 248zM227.314 387.314l184-184c6.248-6.248 6.248-16.379 0-22.627l-22.627-22.627c-6.248-6.249-16.379-6.249-22.628 0L216 308.118l-70.059-70.059c-6.248-6.248-16.379-6.248-22.628 0l-22.627 22.627c-6.248 6.248-6.248 16.379 0 22.627l104 104c6.249 6.249 16.379 6.249 22.628.001z\"><\/path><\/svg>\t\t\t\t\t\t<\/span>\n\t\t\t\t\t\t\t\t\t\t<span class=\"elementor-icon-list-text\"><b>Kako visoko \u0161e lahko zrasteta zlato in srebro? <\/b><\/span>\n\t\t\t\t\t\t\t\t\t<\/li>\n\t\t\t\t\t\t\t\t<li class=\"elementor-icon-list-item\">\n\t\t\t\t\t\t\t\t\t\t\t<span class=\"elementor-icon-list-icon\">\n\t\t\t\t\t\t\t<svg aria-hidden=\"true\" class=\"e-font-icon-svg e-fas-check-circle\" viewBox=\"0 0 512 512\" xmlns=\"http:\/\/www.w3.org\/2000\/svg\"><path d=\"M504 256c0 136.967-111.033 248-248 248S8 392.967 8 256 119.033 8 256 8s248 111.033 248 248zM227.314 387.314l184-184c6.248-6.248 6.248-16.379 0-22.627l-22.627-22.627c-6.248-6.249-16.379-6.249-22.628 0L216 308.118l-70.059-70.059c-6.248-6.248-16.379-6.248-22.628 0l-22.627 22.627c-6.248 6.248-6.248 16.379 0 22.627l104 104c6.249 6.249 16.379 6.249 22.628.001z\"><\/path><\/svg>\t\t\t\t\t\t<\/span>\n\t\t\t\t\t\t\t\t\t\t<span class=\"elementor-icon-list-text\">Kako za svoj denar dobite <b>veliko ve\u010d zlata in srebra?<\/b><\/span>\n\t\t\t\t\t\t\t\t\t<\/li>\n\t\t\t\t\t\t\t\t<li class=\"elementor-icon-list-item\">\n\t\t\t\t\t\t\t\t\t\t\t<span class=\"elementor-icon-list-icon\">\n\t\t\t\t\t\t\t<svg aria-hidden=\"true\" class=\"e-font-icon-svg e-fas-check-circle\" viewBox=\"0 0 512 512\" xmlns=\"http:\/\/www.w3.org\/2000\/svg\"><path d=\"M504 256c0 136.967-111.033 248-248 248S8 392.967 8 256 119.033 8 256 8s248 111.033 248 248zM227.314 387.314l184-184c6.248-6.248 6.248-16.379 0-22.627l-22.627-22.627c-6.248-6.249-16.379-6.249-22.628 0L216 308.118l-70.059-70.059c-6.248-6.248-16.379-6.248-22.628 0l-22.627 22.627c-6.248 6.248-6.248 16.379 0 22.627l104 104c6.249 6.249 16.379 6.249 22.628.001z\"><\/path><\/svg>\t\t\t\t\t\t<\/span>\n\t\t\t\t\t\t\t\t\t\t<span class=\"elementor-icon-list-text\">In predvsem: <b>kako z enakim vlo\u017ekom ustvariti 10x ve\u010d \u010distega dobi\u010dka.<\/b><\/span>\n\t\t\t\t\t\t\t\t\t<\/li>\n\t\t\t\t\t\t<\/ul>\n\t\t\t\t\t\t<\/div>\n\t\t\t\t<div class=\"elementor-element elementor-element-5c901f63 elementor-widget__width-inherit elementor-widget elementor-widget-text-editor\" data-id=\"5c901f63\" data-element_type=\"widget\" id=\"vpis\" data-widget_type=\"text-editor.default\">\n\t\t\t\t\t\t\t\t\t<p><b>Prijavite se zdaj. Brezpla\u010dno. Posnetka ne bo. <\/b><\/p>\t\t\t\t\t\t\t\t<\/div>\n\t\t\t\t<div class=\"elementor-element elementor-element-6e62b142 elementor-button-align-stretch elementor-widget elementor-widget-form\" data-id=\"6e62b142\" data-element_type=\"widget\" data-settings=\"{&quot;step_next_label&quot;:&quot;Next&quot;,&quot;step_previous_label&quot;:&quot;Previous&quot;,&quot;button_width&quot;:&quot;100&quot;,&quot;step_type&quot;:&quot;number_text&quot;,&quot;step_icon_shape&quot;:&quot;circle&quot;}\" data-widget_type=\"form.default\">\n\t\t\t\t\t\t\t<form class=\"elementor-form\" method=\"post\" name=\"10x ve\u010d kot ve\u010dina - Landingi -zlato\" aria-label=\"10x ve\u010d kot ve\u010dina - Landingi -zlato\">\n\t\t\t<input type=\"hidden\" name=\"post_id\" value=\"1259\"\/>\n\t\t\t<input type=\"hidden\" name=\"form_id\" value=\"6e62b142\"\/>\n\t\t\t<input type=\"hidden\" name=\"referer_title\" value=\"Cena zlata\" \/>\n\n\t\t\t\n\t\t\t<div class=\"elementor-form-fields-wrapper elementor-labels-above\">\n\t\t\t\t\t\t\t\t<div class=\"elementor-field-type-text elementor-field-group elementor-column elementor-field-group-name elementor-col-50\">\n\t\t\t\t\t\t\t\t\t\t\t\t\t<input size=\"1\" type=\"text\" name=\"form_fields[name]\" id=\"form-field-name\" class=\"elementor-field elementor-size-sm  elementor-field-textual\" placeholder=\"Ime\">\n\t\t\t\t\t\t\t\t\t\t\t<\/div>\n\t\t\t\t\t\t\t\t<div class=\"elementor-field-type-email elementor-field-group elementor-column elementor-field-group-email elementor-col-50 elementor-field-required\">\n\t\t\t\t\t\t\t\t\t\t\t\t\t<input size=\"1\" type=\"email\" name=\"form_fields[email]\" id=\"form-field-email\" class=\"elementor-field elementor-size-sm  elementor-field-textual\" placeholder=\"E-naslov\" required=\"required\">\n\t\t\t\t\t\t\t\t\t\t\t<\/div>\n\t\t\t\t\t\t\t\t<div class=\"elementor-field-type-checkbox elementor-field-group elementor-column elementor-field-group-field_c0088c4 elementor-col-100\">\n\t\t\t\t\t<div class=\"elementor-field-subgroup  \"><span class=\"elementor-field-option\"><input type=\"checkbox\" value=\"S klikom na gumb &lt;strong&gt;&quot;POTRJUJEM PRIJAVO&quot;&lt;\/strong&gt; se strinjate s &lt;a href=&quot;https:\/\/www.umetnostbogastva.com\/splosni-pogoji\/&quot;&gt;&lt;u&gt;splo\u0161nimi pogoji poslovanja.&lt;\/u&gt;&lt;\/a&gt;\" id=\"form-field-field_c0088c4-0\" name=\"form_fields[field_c0088c4]\"> <label for=\"form-field-field_c0088c4-0\">S klikom na gumb <strong>\"POTRJUJEM PRIJAVO\"<\/strong> se strinjate s <a href=\"https:\/\/www.umetnostbogastva.com\/splosni-pogoji\/\"><u>splo\u0161nimi pogoji poslovanja.<\/u><\/a><\/label><\/span><\/div>\t\t\t\t<\/div>\n\t\t\t\t\t\t\t\t<div class=\"elementor-field-group elementor-column elementor-field-type-submit elementor-col-100 e-form__buttons\">\n\t\t\t\t\t<button class=\"elementor-button elementor-size-sm\" type=\"submit\">\n\t\t\t\t\t\t<span class=\"elementor-button-content-wrapper\">\n\t\t\t\t\t\t\t\t\t\t\t\t\t\t\t\t\t\t\t\t\t\t<span class=\"elementor-button-text\">BREZPLA\u010cNA PRIJAVA<\/span>\n\t\t\t\t\t\t\t\t\t\t\t\t\t<\/span>\n\t\t\t\t\t<\/button>\n\t\t\t\t<\/div>\n\t\t\t<\/div>\n\t\t<\/form>\n\t\t\t\t\t\t<\/div>\n\t\t\t\t\t<\/div>\n\t\t<\/div>\n\t\t\t\t<div class=\"elementor-column elementor-col-50 elementor-top-column elementor-element elementor-element-1af68648\" data-id=\"1af68648\" data-element_type=\"column\">\n\t\t\t<div class=\"elementor-widget-wrap elementor-element-populated\">\n\t\t\t\t\t\t<div class=\"elementor-element elementor-element-7b635ba7 animated-slow elementor-invisible elementor-widget elementor-widget-image\" data-id=\"7b635ba7\" data-element_type=\"widget\" data-settings=\"{&quot;_animation&quot;:&quot;fadeInUp&quot;}\" data-widget_type=\"image.default\">\n\t\t\t\t\t\t\t\t\t\t\t\t\t\t\t<img fetchpriority=\"high\" decoding=\"async\" width=\"650\" height=\"956\" src=\"https:\/\/martinfortuna.si\/zlato\/wp-content\/uploads\/2025\/09\/fortuna-varcevanje-5x.jpg\" class=\"attachment-full size-full wp-image-1263\" alt=\"\" srcset=\"https:\/\/martinfortuna.si\/zlato\/wp-content\/uploads\/2025\/09\/fortuna-varcevanje-5x.jpg 650w, https:\/\/martinfortuna.si\/zlato\/wp-content\/uploads\/2025\/09\/fortuna-varcevanje-5x-204x300.jpg 204w\" sizes=\"(max-width: 650px) 100vw, 650px\" \/>\t\t\t\t\t\t\t\t\t\t\t\t\t\t\t<\/div>\n\t\t\t\t\t<\/div>\n\t\t<\/div>\n\t\t\t\t\t<\/div>\n\t\t<\/section>\n\t\t\t\t<section class=\"elementor-section elementor-top-section elementor-element elementor-element-5a87459d elementor-section-boxed elementor-section-height-default elementor-section-height-default\" data-id=\"5a87459d\" data-element_type=\"section\">\n\t\t\t\t\t\t<div class=\"elementor-container elementor-column-gap-default\">\n\t\t\t\t\t<div class=\"elementor-column elementor-col-100 elementor-top-column elementor-element elementor-element-6e0475e1\" data-id=\"6e0475e1\" data-element_type=\"column\">\n\t\t\t<div class=\"elementor-widget-wrap elementor-element-populated\">\n\t\t\t\t\t\t<div class=\"elementor-element elementor-element-59ffe166 elementor-widget elementor-widget-spacer\" data-id=\"59ffe166\" data-element_type=\"widget\" data-widget_type=\"spacer.default\">\n\t\t\t\t\t\t\t<div class=\"elementor-spacer\">\n\t\t\t<div class=\"elementor-spacer-inner\"><\/div>\n\t\t<\/div>\n\t\t\t\t\t\t<\/div>\n\t\t\t\t\t<\/div>\n\t\t<\/div>\n\t\t\t\t\t<\/div>\n\t\t<\/section>\n\t\t\t\t<\/div>\n\t\t","protected":false},"excerpt":{"rendered":"<p>Cena zlata: kako jo zni\u017eate in dobite ve\u010d gramov zlata za isti denar. Preverite tukaj. Kako pri enaki rasti zaslu\u017eiti do 10x ve\u010d kot ve\u010dina?\ud83d\udd25 Kliknite tukaj za brezpla\u010dno prijavo. Dobili boste zlata vredne informacije. Kaj se lahko zdaj bolj spla\u010da? Zlato ali srebro? Realne izra\u010dune za nakup srebra v vrednosti 10.000 \u20ac (stro\u0161ki, dobi\u010dek, [&hellip;]<\/p>\n","protected":false},"author":1,"featured_media":0,"parent":0,"menu_order":0,"comment_status":"closed","ping_status":"closed","template":"","meta":{"footnotes":""},"class_list":["post-1259","page","type-page","status-publish","hentry"],"yoast_head":"<!-- This site is optimized with the Yoast SEO plugin v25.9 - https:\/\/yoast.com\/wordpress\/plugins\/seo\/ -->\n<title>Borza zlata: spot, LBMA fix, COMEX futures in XAU\/USD (razlaga) | Martin Fortuna<\/title>\n<meta name=\"description\" content=\"Kako nastane borzna cena zlata: spot vs. LBMA fix, futures, FX u\u010dinek in basis. Mini kalkulatorji in pogosta vpra\u0161anja.\" \/>\n<meta name=\"robots\" content=\"index, follow, max-snippet:-1, max-image-preview:large, max-video-preview:-1\" \/>\n<link rel=\"canonical\" href=\"https:\/\/martinfortuna.si\/zlato\/10x-vec-landing\/\" \/>\n<meta property=\"og:locale\" content=\"sl_SI\" \/>\n<meta property=\"og:type\" content=\"article\" \/>\n<meta property=\"og:title\" content=\"Borza zlata: spot, LBMA fix, COMEX futures in XAU\/USD (razlaga) | Martin Fortuna\" \/>\n<meta property=\"og:description\" content=\"Kako nastane borzna cena zlata: spot vs. LBMA fix, futures, FX u\u010dinek in basis. Mini kalkulatorji in pogosta vpra\u0161anja.\" \/>\n<meta property=\"og:url\" content=\"https:\/\/martinfortuna.si\/zlato\/10x-vec-landing\/\" \/>\n<meta property=\"og:site_name\" content=\"Cena zlata\" \/>\n<meta property=\"article:modified_time\" content=\"2025-09-24T13:05:21+00:00\" \/>\n<meta property=\"og:image\" content=\"https:\/\/martinfortuna.si\/zlato\/wp-content\/uploads\/2025\/09\/fortuna-varcevanje-5x.jpg\" \/>\n<meta name=\"twitter:card\" content=\"summary_large_image\" \/>\n<meta name=\"twitter:label1\" content=\"Est. reading time\" \/>\n\t<meta name=\"twitter:data1\" content=\"1 minuta\" \/>\n<script type=\"application\/ld+json\" class=\"yoast-schema-graph\">{\"@context\":\"https:\/\/schema.org\",\"@graph\":[{\"@type\":\"WebPage\",\"@id\":\"https:\/\/martinfortuna.si\/zlato\/10x-vec-landing\/\",\"url\":\"https:\/\/martinfortuna.si\/zlato\/10x-vec-landing\/\",\"name\":\"Borza zlata: spot, LBMA fix, COMEX futures in XAU\/USD (razlaga) | Martin Fortuna\",\"isPartOf\":{\"@id\":\"https:\/\/martinfortuna.si\/zlato\/#website\"},\"primaryImageOfPage\":{\"@id\":\"https:\/\/martinfortuna.si\/zlato\/10x-vec-landing\/#primaryimage\"},\"image\":{\"@id\":\"https:\/\/martinfortuna.si\/zlato\/10x-vec-landing\/#primaryimage\"},\"thumbnailUrl\":\"https:\/\/martinfortuna.si\/zlato\/wp-content\/uploads\/2025\/09\/fortuna-varcevanje-5x.jpg\",\"datePublished\":\"2025-09-24T13:00:58+00:00\",\"dateModified\":\"2025-09-24T13:05:21+00:00\",\"description\":\"Kako nastane borzna cena zlata: spot vs. LBMA fix, futures, FX u\u010dinek in basis. Mini kalkulatorji in pogosta vpra\u0161anja.\",\"breadcrumb\":{\"@id\":\"https:\/\/martinfortuna.si\/zlato\/10x-vec-landing\/#breadcrumb\"},\"inLanguage\":\"sl-SI\",\"potentialAction\":[{\"@type\":\"ReadAction\",\"target\":[\"https:\/\/martinfortuna.si\/zlato\/10x-vec-landing\/\"]}]},{\"@type\":\"ImageObject\",\"inLanguage\":\"sl-SI\",\"@id\":\"https:\/\/martinfortuna.si\/zlato\/10x-vec-landing\/#primaryimage\",\"url\":\"https:\/\/martinfortuna.si\/zlato\/wp-content\/uploads\/2025\/09\/fortuna-varcevanje-5x.jpg\",\"contentUrl\":\"https:\/\/martinfortuna.si\/zlato\/wp-content\/uploads\/2025\/09\/fortuna-varcevanje-5x.jpg\",\"width\":650,\"height\":956},{\"@type\":\"BreadcrumbList\",\"@id\":\"https:\/\/martinfortuna.si\/zlato\/10x-vec-landing\/#breadcrumb\",\"itemListElement\":[{\"@type\":\"ListItem\",\"position\":1,\"name\":\"Home\",\"item\":\"https:\/\/martinfortuna.si\/zlato\/\"},{\"@type\":\"ListItem\",\"position\":2,\"name\":\"Kako pri enaki rasti zaslu\u017eiti do 10x ve\u010d kot ve\u010dina?\ud83d\udd25 Brezpla\u010den webinar. Landingi -zlato\"}]},{\"@type\":\"WebSite\",\"@id\":\"https:\/\/martinfortuna.si\/zlato\/#website\",\"url\":\"https:\/\/martinfortuna.si\/zlato\/\",\"name\":\"Cena zlata\",\"description\":\"\",\"potentialAction\":[{\"@type\":\"SearchAction\",\"target\":{\"@type\":\"EntryPoint\",\"urlTemplate\":\"https:\/\/martinfortuna.si\/zlato\/?s={search_term_string}\"},\"query-input\":{\"@type\":\"PropertyValueSpecification\",\"valueRequired\":true,\"valueName\":\"search_term_string\"}}],\"inLanguage\":\"sl-SI\"}]}<\/script>\n<!-- \/ Yoast SEO plugin. -->","yoast_head_json":{"title":"Borza zlata: spot, LBMA fix, COMEX futures in XAU\/USD (razlaga) | Martin Fortuna","description":"Kako nastane borzna cena zlata: spot vs. LBMA fix, futures, FX u\u010dinek in basis. Mini kalkulatorji in pogosta vpra\u0161anja.","robots":{"index":"index","follow":"follow","max-snippet":"max-snippet:-1","max-image-preview":"max-image-preview:large","max-video-preview":"max-video-preview:-1"},"canonical":"https:\/\/martinfortuna.si\/zlato\/10x-vec-landing\/","og_locale":"sl_SI","og_type":"article","og_title":"Borza zlata: spot, LBMA fix, COMEX futures in XAU\/USD (razlaga) | Martin Fortuna","og_description":"Kako nastane borzna cena zlata: spot vs. LBMA fix, futures, FX u\u010dinek in basis. Mini kalkulatorji in pogosta vpra\u0161anja.","og_url":"https:\/\/martinfortuna.si\/zlato\/10x-vec-landing\/","og_site_name":"Cena zlata","article_modified_time":"2025-09-24T13:05:21+00:00","og_image":[{"url":"https:\/\/martinfortuna.si\/zlato\/wp-content\/uploads\/2025\/09\/fortuna-varcevanje-5x.jpg","type":"","width":"","height":""}],"twitter_card":"summary_large_image","twitter_misc":{"Est. reading time":"1 minuta"},"schema":{"@context":"https:\/\/schema.org","@graph":[{"@type":"WebPage","@id":"https:\/\/martinfortuna.si\/zlato\/10x-vec-landing\/","url":"https:\/\/martinfortuna.si\/zlato\/10x-vec-landing\/","name":"Borza zlata: spot, LBMA fix, COMEX futures in XAU\/USD (razlaga) | Martin Fortuna","isPartOf":{"@id":"https:\/\/martinfortuna.si\/zlato\/#website"},"primaryImageOfPage":{"@id":"https:\/\/martinfortuna.si\/zlato\/10x-vec-landing\/#primaryimage"},"image":{"@id":"https:\/\/martinfortuna.si\/zlato\/10x-vec-landing\/#primaryimage"},"thumbnailUrl":"https:\/\/martinfortuna.si\/zlato\/wp-content\/uploads\/2025\/09\/fortuna-varcevanje-5x.jpg","datePublished":"2025-09-24T13:00:58+00:00","dateModified":"2025-09-24T13:05:21+00:00","description":"Kako nastane borzna cena zlata: spot vs. LBMA fix, futures, FX u\u010dinek in basis. Mini kalkulatorji in pogosta vpra\u0161anja.","breadcrumb":{"@id":"https:\/\/martinfortuna.si\/zlato\/10x-vec-landing\/#breadcrumb"},"inLanguage":"sl-SI","potentialAction":[{"@type":"ReadAction","target":["https:\/\/martinfortuna.si\/zlato\/10x-vec-landing\/"]}]},{"@type":"ImageObject","inLanguage":"sl-SI","@id":"https:\/\/martinfortuna.si\/zlato\/10x-vec-landing\/#primaryimage","url":"https:\/\/martinfortuna.si\/zlato\/wp-content\/uploads\/2025\/09\/fortuna-varcevanje-5x.jpg","contentUrl":"https:\/\/martinfortuna.si\/zlato\/wp-content\/uploads\/2025\/09\/fortuna-varcevanje-5x.jpg","width":650,"height":956},{"@type":"BreadcrumbList","@id":"https:\/\/martinfortuna.si\/zlato\/10x-vec-landing\/#breadcrumb","itemListElement":[{"@type":"ListItem","position":1,"name":"Home","item":"https:\/\/martinfortuna.si\/zlato\/"},{"@type":"ListItem","position":2,"name":"Kako pri enaki rasti zaslu\u017eiti do 10x ve\u010d kot ve\u010dina?\ud83d\udd25 Brezpla\u010den webinar. Landingi -zlato"}]},{"@type":"WebSite","@id":"https:\/\/martinfortuna.si\/zlato\/#website","url":"https:\/\/martinfortuna.si\/zlato\/","name":"Cena zlata","description":"","potentialAction":[{"@type":"SearchAction","target":{"@type":"EntryPoint","urlTemplate":"https:\/\/martinfortuna.si\/zlato\/?s={search_term_string}"},"query-input":{"@type":"PropertyValueSpecification","valueRequired":true,"valueName":"search_term_string"}}],"inLanguage":"sl-SI"}]}},"_links":{"self":[{"href":"https:\/\/martinfortuna.si\/zlato\/wp-json\/wp\/v2\/pages\/1259","targetHints":{"allow":["GET"]}}],"collection":[{"href":"https:\/\/martinfortuna.si\/zlato\/wp-json\/wp\/v2\/pages"}],"about":[{"href":"https:\/\/martinfortuna.si\/zlato\/wp-json\/wp\/v2\/types\/page"}],"author":[{"embeddable":true,"href":"https:\/\/martinfortuna.si\/zlato\/wp-json\/wp\/v2\/users\/1"}],"replies":[{"embeddable":true,"href":"https:\/\/martinfortuna.si\/zlato\/wp-json\/wp\/v2\/comments?post=1259"}],"version-history":[{"count":11,"href":"https:\/\/martinfortuna.si\/zlato\/wp-json\/wp\/v2\/pages\/1259\/revisions"}],"predecessor-version":[{"id":1277,"href":"https:\/\/martinfortuna.si\/zlato\/wp-json\/wp\/v2\/pages\/1259\/revisions\/1277"}],"wp:attachment":[{"href":"https:\/\/martinfortuna.si\/zlato\/wp-json\/wp\/v2\/media?parent=1259"}],"curies":[{"name":"wp","href":"https:\/\/api.w.org\/{rel}","templated":true}]}}